{"id":24,"date":"2014-01-07T22:53:16","date_gmt":"2014-01-07T20:53:16","guid":{"rendered":"http:\/\/sexliebeleben.de\/?page_id=24"},"modified":"2014-02-13T12:01:20","modified_gmt":"2014-02-13T10:01:20","slug":"therapie","status":"publish","type":"page","link":"https:\/\/heidemarieboscher.de\/?page_id=24","title":{"rendered":"Therapie"},"content":{"rendered":"<h6 style=\"text-align: left;\"><a href=\"https:\/\/heidemarieboscher.de\/wp-content\/uploads\/2014\/01\/stuhl-bunt.jpg\"><img loading=\"lazy\" class=\"aligncenter  wp-image-27\" alt=\"stuhl bunt\" src=\"https:\/\/heidemarieboscher.de\/wp-content\/uploads\/2014\/01\/stuhl-bunt.jpg\" width=\"972\" height=\"163\" srcset=\"https:\/\/heidemarieboscher.de\/wp-content\/uploads\/2014\/01\/stuhl-bunt.jpg 2700w, https:\/\/heidemarieboscher.de\/wp-content\/uploads\/2014\/01\/stuhl-bunt-300x50.jpg 300w, https:\/\/heidemarieboscher.de\/wp-content\/uploads\/2014\/01\/stuhl-bunt-1024x171.jpg 1024w\" sizes=\"(max-width: 972px) 100vw, 972px\" \/><\/a><br \/>\n<span style=\"color: #000000;\"><em>\u201e Leben ist das , was dir passiert, w\u00e4hrend du dabei bist, andere Pl\u00e4ne zu schmieden &#8220; ( john lennon)<\/em><\/span><\/h6>\n<p>&nbsp;<\/p>\n<p style=\"margin-bottom: 0cm;\">Sie stehen vor pers\u00f6nlichen Herausforderungen? Manche Probleme kehren immer wieder?<\/p>\n<p style=\"margin-bottom: 0cm;\">Um Krisen \u00fcberwinden zu k\u00f6nnen, braucht es Zutrauen zu sich selbst, dies auch schaffen zu k\u00f6nnen. In der systemischen Therapie unterst\u00fctze ich Sie konsequent dabei , Ihre grunds\u00e4tzlich vorhandenen F\u00e4higkeiten bewu\u00dft zu aktivieren und zu nutzen. Gemeinsam leiten wir positive Ver\u00e4nderungen ein.<\/p>\n<p style=\"margin-bottom: 0cm;\">Systemische Therapie blickt auf die erw\u00fcnschte Zukunft. Wir r\u00fccken nicht Probleme ins Zentrum, sondern finden L\u00f6sungen.<\/p>\n<p style=\"margin-bottom: 0cm; text-align: center;\" align=\"RIGHT\">\u201eproblemtalk creates problems<\/p>\n<p style=\"margin-bottom: 0cm; text-align: center;\" align=\"RIGHT\">solutiontalk creates solutions \u201e<\/p>\n<p style=\"margin-bottom: 0cm; text-align: center;\" align=\"RIGHT\">(de Shazer)<\/p>\n<p>&nbsp;<\/p>\n<p style=\"margin-bottom: 0cm;\" align=\"LEFT\">Gestalten Sie Ihre Beziehungen und nehmen Sie ihr Leben in die Hand! Eine systemische Therapie im Einzelsetting, und auch in der Gruppe, kann dazu beitragen, dass Sie Ihr Leben wieder als bedeutungsvoll und sinnerf\u00fcllt erleben.<\/p>\n","protected":false},"excerpt":{"rendered":"<p>\u201e Leben ist das , was dir passiert, w\u00e4hrend du dabei bist, andere Pl\u00e4ne zu schmieden &#8220; ( john lennon) &nbsp; Sie stehen vor pers\u00f6nlichen Herausforderungen? Manche Probleme kehren immer wieder? Um Krisen \u00fcberwinden zu k\u00f6nnen, braucht es Zutrauen zu sich selbst, dies auch schaffen zu k\u00f6nnen. In der systemischen Therapie unterst\u00fctze ich Sie konsequent [&hellip;]<\/p>\n","protected":false},"author":1,"featured_media":0,"parent":0,"menu_order":0,"comment_status":"closed","ping_status":"open","template":"templates\/template-fullwidth.php","meta":[],"_links":{"self":[{"href":"https:\/\/heidemarieboscher.de\/index.php?rest_route=\/wp\/v2\/pages\/24"}],"collection":[{"href":"https:\/\/heidemarieboscher.de\/index.php?rest_route=\/wp\/v2\/pages"}],"about":[{"href":"https:\/\/heidemarieboscher.de\/index.php?rest_route=\/wp\/v2\/types\/page"}],"author":[{"embeddable":true,"href":"https:\/\/heidemarieboscher.de\/index.php?rest_route=\/wp\/v2\/users\/1"}],"replies":[{"embeddable":true,"href":"https:\/\/heidemarieboscher.de\/index.php?rest_route=%2Fwp%2Fv2%2Fcomments&post=24"}],"version-history":[{"count":7,"href":"https:\/\/heidemarieboscher.de\/index.php?rest_route=\/wp\/v2\/pages\/24\/revisions"}],"predecessor-version":[{"id":192,"href":"https:\/\/heidemarieboscher.de\/index.php?rest_route=\/wp\/v2\/pages\/24\/revisions\/192"}],"wp:attachment":[{"href":"https:\/\/heidemarieboscher.de\/index.php?rest_route=%2Fwp%2Fv2%2Fmedia&parent=24"}],"curies":[{"name":"wp","href":"https:\/\/api.w.org\/{rel}","templated":true}]}}