{"id":32,"date":"2014-01-07T23:15:38","date_gmt":"2014-01-07T21:15:38","guid":{"rendered":"http:\/\/sexliebeleben.de\/?page_id=32"},"modified":"2014-02-13T12:11:59","modified_gmt":"2014-02-13T10:11:59","slug":"paartherapie","status":"publish","type":"page","link":"https:\/\/heidemarieboscher.de\/?page_id=32","title":{"rendered":"Paartherapie"},"content":{"rendered":"<p style=\"text-align: left;\"><a href=\"https:\/\/heidemarieboscher.de\/wp-content\/uploads\/2014\/01\/Stuhl-paar.jpg\"><img loading=\"lazy\" class=\"aligncenter  wp-image-35\" alt=\"Stuhl paar\" src=\"https:\/\/heidemarieboscher.de\/wp-content\/uploads\/2014\/01\/Stuhl-paar.jpg\" width=\"972\" height=\"163\" srcset=\"https:\/\/heidemarieboscher.de\/wp-content\/uploads\/2014\/01\/Stuhl-paar.jpg 2700w, https:\/\/heidemarieboscher.de\/wp-content\/uploads\/2014\/01\/Stuhl-paar-300x50.jpg 300w, https:\/\/heidemarieboscher.de\/wp-content\/uploads\/2014\/01\/Stuhl-paar-1024x171.jpg 1024w\" sizes=\"(max-width: 972px) 100vw, 972px\" \/><\/a><\/p>\n<h6><span style=\"color: #000000;\"><em>\u201e Das Schwierige in meinem Leben ist es, Herz und Kopf dazu zu bringen , zusammenzuarbeiten \u2013 in meinem Fall verkehren sie noch nicht einmal auf freundschaftlicher Basis\u201c ( woody allen )<\/em><\/span><strong><\/strong><\/h6>\n<p>&nbsp;<\/p>\n<p style=\"margin-bottom: 0cm;\" align=\"LEFT\">Oder, um mit Aimee Mann zu singen : \u201e One is the loniest number, That you&#8217;ll ever do, Two can be bad as one, It&#8217;s the lonierst number since the number one\u201c.<\/p>\n<p>&nbsp;<\/p>\n<p style=\"margin-bottom: 0cm;\" align=\"LEFT\">Wir haben uns l\u00e4ngst davon verabschiedet, das Paar in erster Linie als Zweckgemeinschaft zu beschreiben. Die Idee der romantischen Liebe zwingt uns neue Anforderungen auf, so m\u00f6gen, sollen wir PartnerIn, Gef\u00e4hrtIn, GeliebteR, Mutter, Vater, FreundIn, Freizeitgef\u00e4hrtIn f\u00fcreinander sein . Nicht ganz einfach!<\/p>\n<p>&nbsp;<\/p>\n<p style=\"margin-bottom: 0cm;\" align=\"LEFT\">In der systemischen Paartherapie k\u00f6nnen Paare in jedem Lebensalter ihren Weg finden. Lernen Sie sich und ihre PartnerInnenschaft besser kennen. Hier finden Sie Anregungen, die f\u00fcr Sie passende Balance zu finden zwischen Gemeinsamkeiten und Unterschieden, N\u00e4he und Distanz, Verschwiegenheit und Offenheit.<\/p>\n<p>&nbsp;<\/p>\n<p style=\"margin-bottom: 0cm;\" align=\"LEFT\">Ihre Beziehung lebt auch vom Gespr\u00e4ch. Ich unterst\u00fctze Sie dabei \u2013 wieder \u2013 gut zu kommunizieren und Ihre Beziehung auf neue kreative Weise zu gestalten. Jede Beziehung hat ihre typischen Muster und Ressourcen. Wir bringen sie ans Licht, damit Sie sie f\u00fcr Ihr gemeinsames Leben nutzen k\u00f6nnen.<\/p>\n<p>&nbsp;<\/p>\n<p style=\"margin-bottom: 0cm;\" align=\"LEFT\">Ich begleite Sie in schwierigen Situationen und in Krisen Ihres Zusammenlebens. Sie finden heraus, wie Sie Konflikte progressiv l\u00f6sen und daraus Chancen f\u00fcr eine lebendige Beziehung gewinnen. Entdecken Sie auch \u2013 wieder \u2013 eine lustvolle Sexualit\u00e4t.<\/p>\n","protected":false},"excerpt":{"rendered":"<p>\u201e Das Schwierige in meinem Leben ist es, Herz und Kopf dazu zu bringen , zusammenzuarbeiten \u2013 in meinem Fall verkehren sie noch nicht einmal auf freundschaftlicher Basis\u201c ( woody allen ) &nbsp; Oder, um mit Aimee Mann zu singen : \u201e One is the loniest number, That you&#8217;ll ever do, Two can be bad [&hellip;]<\/p>\n","protected":false},"author":1,"featured_media":0,"parent":0,"menu_order":0,"comment_status":"closed","ping_status":"open","template":"templates\/template-fullwidth.php","meta":[],"_links":{"self":[{"href":"https:\/\/heidemarieboscher.de\/index.php?rest_route=\/wp\/v2\/pages\/32"}],"collection":[{"href":"https:\/\/heidemarieboscher.de\/index.php?rest_route=\/wp\/v2\/pages"}],"about":[{"href":"https:\/\/heidemarieboscher.de\/index.php?rest_route=\/wp\/v2\/types\/page"}],"author":[{"embeddable":true,"href":"https:\/\/heidemarieboscher.de\/index.php?rest_route=\/wp\/v2\/users\/1"}],"replies":[{"embeddable":true,"href":"https:\/\/heidemarieboscher.de\/index.php?rest_route=%2Fwp%2Fv2%2Fcomments&post=32"}],"version-history":[{"count":6,"href":"https:\/\/heidemarieboscher.de\/index.php?rest_route=\/wp\/v2\/pages\/32\/revisions"}],"predecessor-version":[{"id":203,"href":"https:\/\/heidemarieboscher.de\/index.php?rest_route=\/wp\/v2\/pages\/32\/revisions\/203"}],"wp:attachment":[{"href":"https:\/\/heidemarieboscher.de\/index.php?rest_route=%2Fwp%2Fv2%2Fmedia&parent=32"}],"curies":[{"name":"wp","href":"https:\/\/api.w.org\/{rel}","templated":true}]}}