{"id":38,"date":"2014-01-07T23:44:27","date_gmt":"2014-01-07T21:44:27","guid":{"rendered":"http:\/\/sexliebeleben.de\/?page_id=38"},"modified":"2014-03-20T14:28:20","modified_gmt":"2014-03-20T12:28:20","slug":"sexualtherapie","status":"publish","type":"page","link":"https:\/\/heidemarieboscher.de\/?page_id=38","title":{"rendered":"Sexualtherapie"},"content":{"rendered":"<p style=\"text-align: center;\"><a href=\"https:\/\/heidemarieboscher.de\/wp-content\/uploads\/2014\/01\/St\u00fchle-pink.jpg\"><img loading=\"lazy\" class=\"aligncenter  wp-image-54\" alt=\"St\u00fchle pink\" src=\"https:\/\/heidemarieboscher.de\/wp-content\/uploads\/2014\/01\/St\u00fchle-pink.jpg\" width=\"972\" height=\"163\" srcset=\"https:\/\/heidemarieboscher.de\/wp-content\/uploads\/2014\/01\/St\u00fchle-pink.jpg 2700w, https:\/\/heidemarieboscher.de\/wp-content\/uploads\/2014\/01\/St\u00fchle-pink-300x50.jpg 300w, https:\/\/heidemarieboscher.de\/wp-content\/uploads\/2014\/01\/St\u00fchle-pink-1024x171.jpg 1024w\" sizes=\"(max-width: 972px) 100vw, 972px\" \/><\/a><\/p>\n<h6 style=\"margin-bottom: 0cm;\" align=\"RIGHT\"><span style=\"color: #000000;\"><em>\u201e Liebe ist die Antwort, aber w\u00e4hrend wir auf sie warten, stellt der Sex ein paar ganz gute Fragen\u201c ( woody allen )<\/em><\/span><\/h6>\n<p>&nbsp;<\/p>\n<p style=\"margin-bottom: 0cm;\" align=\"LEFT\">\u201e Kann ich mal wieder vorbeischauen? K\u00f6nnen wir gemeinsam etwas gegen Langeweile tun? Was kann ich tun, um nicht immer mit Leistungssport verwechselt zu werden? Wann hast du dich entschieden, aus mir einen Porno zu machen? K\u00f6nnten wir mal ins Freie gehen? Darf ich mir was w\u00fcnschen? \u201e<\/p>\n<p>&nbsp;<\/p>\n<p style=\"margin-bottom: 0cm;\" align=\"LEFT\">In dieser unserer Zeit ist wohl kein Thema zugleich so umfassend gegenw\u00e4rtig und zugleich tabuisiert wie SEX und SEXUALIT\u00c4T. Diese Spannung f\u00fchrt nicht selten zu Lustlosigkeit, Sprachlosigkeit und Gef\u00fchlen von Unzul\u00e4nglichkeit. Rekordelust und Mythenerf\u00fcllung pr\u00e4gen die erotische Atmosph\u00e4re.<\/p>\n<p>&nbsp;<\/p>\n<p style=\"margin-bottom: 0cm;\" align=\"LEFT\">Systemische Sexualtherapie gibt Ihnen die M\u00f6glichkeit in der begleiteten Auseinandersetzung mit Ihren W\u00fcnschen und Tr\u00e4umen Ihr Begehren genauer zu kennen. Gestalten Sie selbstsicher Ihre neu oder wieder entdeckten W\u00fcnsche. Finden Sie f\u00fcr sich und mit Ihrer Partnerin, Ihrem Partner eine angenehme Sprache, um Ihre Sexualit\u00e4t selbstbestimmt und experimentierfreudig erf\u00fcllt zu leben.<\/p>\n<p>&nbsp;<\/p>\n<p style=\"margin-bottom: 0cm;\" align=\"LEFT\">Sexualtherapie hilft Ihnen, die alten Muster zu erkennen und zu durchbrechen. Inszenieren Sie Ihre Sexualit\u00e4t ganz entspannt neu!<\/p>\n","protected":false},"excerpt":{"rendered":"<p>\u201e Liebe ist die Antwort, aber w\u00e4hrend wir auf sie warten, stellt der Sex ein paar ganz gute Fragen\u201c ( woody allen ) &nbsp; \u201e Kann ich mal wieder vorbeischauen? K\u00f6nnen wir gemeinsam etwas gegen Langeweile tun? Was kann ich tun, um nicht immer mit Leistungssport verwechselt zu werden? Wann hast du dich entschieden, aus [&hellip;]<\/p>\n","protected":false},"author":1,"featured_media":0,"parent":0,"menu_order":0,"comment_status":"closed","ping_status":"open","template":"templates\/template-fullwidth.php","meta":[],"_links":{"self":[{"href":"https:\/\/heidemarieboscher.de\/index.php?rest_route=\/wp\/v2\/pages\/38"}],"collection":[{"href":"https:\/\/heidemarieboscher.de\/index.php?rest_route=\/wp\/v2\/pages"}],"about":[{"href":"https:\/\/heidemarieboscher.de\/index.php?rest_route=\/wp\/v2\/types\/page"}],"author":[{"embeddable":true,"href":"https:\/\/heidemarieboscher.de\/index.php?rest_route=\/wp\/v2\/users\/1"}],"replies":[{"embeddable":true,"href":"https:\/\/heidemarieboscher.de\/index.php?rest_route=%2Fwp%2Fv2%2Fcomments&post=38"}],"version-history":[{"count":6,"href":"https:\/\/heidemarieboscher.de\/index.php?rest_route=\/wp\/v2\/pages\/38\/revisions"}],"predecessor-version":[{"id":229,"href":"https:\/\/heidemarieboscher.de\/index.php?rest_route=\/wp\/v2\/pages\/38\/revisions\/229"}],"wp:attachment":[{"href":"https:\/\/heidemarieboscher.de\/index.php?rest_route=%2Fwp%2Fv2%2Fmedia&parent=38"}],"curies":[{"name":"wp","href":"https:\/\/api.w.org\/{rel}","templated":true}]}}