{"id":41,"date":"2014-01-07T23:46:52","date_gmt":"2014-01-07T21:46:52","guid":{"rendered":"http:\/\/sexliebeleben.de\/?page_id=41"},"modified":"2014-02-13T11:50:50","modified_gmt":"2014-02-13T09:50:50","slug":"coaching","status":"publish","type":"page","link":"https:\/\/heidemarieboscher.de\/?page_id=41","title":{"rendered":"Coaching"},"content":{"rendered":"<p style=\"text-align: center;\"><a href=\"https:\/\/heidemarieboscher.de\/wp-content\/uploads\/2014\/01\/St\u00fchle-blau.jpg\"><img loading=\"lazy\" class=\"aligncenter  wp-image-58\" alt=\"St\u00fchle blau\" src=\"https:\/\/heidemarieboscher.de\/wp-content\/uploads\/2014\/01\/St\u00fchle-blau.jpg\" width=\"972\" height=\"163\" srcset=\"https:\/\/heidemarieboscher.de\/wp-content\/uploads\/2014\/01\/St\u00fchle-blau.jpg 2700w, https:\/\/heidemarieboscher.de\/wp-content\/uploads\/2014\/01\/St\u00fchle-blau-300x50.jpg 300w, https:\/\/heidemarieboscher.de\/wp-content\/uploads\/2014\/01\/St\u00fchle-blau-1024x171.jpg 1024w\" sizes=\"(max-width: 972px) 100vw, 972px\" \/><\/a><\/p>\n<h6 style=\"margin-bottom: 0cm;\"><span style=\"color: #000000;\"><em>\u201e Wir d\u00fcrfen nicht vergessen, dass das was wir beobachten, nicht die Natur selbst ist, sondern eine Natur, die den Methoden unserer Fragestellung ausgesetzt wurde \u201e ( w.v. heisenberg )<\/em><\/span><\/h6>\n<address style=\"margin-bottom: 0cm;\">\u00a0<\/address>\n<p>Kompetent und kontextsensibel zu f\u00fchren umfasst komplexe Anforderungen. Ihre ausgewogene work\u2013life-Balance ist Voraussetzung umfassend Verantwortung tragen zu k\u00f6nnen. Sie tragen Verantwortung f\u00fcr Ihre MitarbeiterInnen und deren Leistungsf\u00e4higkeit, und auch f\u00fcr f\u00fcr Ihre Produkte \u2013 im Coaching finden Sie die richtige Balance.<\/p>\n<p>Im systemischen Coaching unterst\u00fctze ich Sie darin, Ihre F\u00fchrungsaufgabe klar zu profilieren und souver\u00e4n zu f\u00fchren. Sie legen den Focus auf Kompetenzen und L\u00f6sungspotentiale und entwickeln Sie weiter. Lernen Sie l\u00f6sungsorientierte Verfahren kennen, um sichere Entscheidungen zu treffen.<br \/>\nSetzen Sie ,was Sie entschieden haben, koordiniert um. Wir erarbeiten erfolgreiche Handlungsalternativen, die Ihren gewohnten Verhaltensspielraum erweitern.<\/p>\n<p>F\u00fchren hei\u00dft kommunizieren. Systemisches Coaching unterst\u00fctzt Sie dabei, erfolgreich zu kommunizieren und einen professionellen Kooperationsstil einzu\u00fcben. Konflikte managen Sie ressourcenorientiert und nutzen vielf\u00e4ltige Probleml\u00f6sungskompetenzen.<\/p>\n","protected":false},"excerpt":{"rendered":"<p>\u201e Wir d\u00fcrfen nicht vergessen, dass das was wir beobachten, nicht die Natur selbst ist, sondern eine Natur, die den Methoden unserer Fragestellung ausgesetzt wurde \u201e ( w.v. heisenberg ) \u00a0 Kompetent und kontextsensibel zu f\u00fchren umfasst komplexe Anforderungen. Ihre ausgewogene work\u2013life-Balance ist Voraussetzung umfassend Verantwortung tragen zu k\u00f6nnen. Sie tragen Verantwortung f\u00fcr Ihre MitarbeiterInnen [&hellip;]<\/p>\n","protected":false},"author":1,"featured_media":0,"parent":0,"menu_order":0,"comment_status":"closed","ping_status":"open","template":"templates\/template-fullwidth.php","meta":[],"_links":{"self":[{"href":"https:\/\/heidemarieboscher.de\/index.php?rest_route=\/wp\/v2\/pages\/41"}],"collection":[{"href":"https:\/\/heidemarieboscher.de\/index.php?rest_route=\/wp\/v2\/pages"}],"about":[{"href":"https:\/\/heidemarieboscher.de\/index.php?rest_route=\/wp\/v2\/types\/page"}],"author":[{"embeddable":true,"href":"https:\/\/heidemarieboscher.de\/index.php?rest_route=\/wp\/v2\/users\/1"}],"replies":[{"embeddable":true,"href":"https:\/\/heidemarieboscher.de\/index.php?rest_route=%2Fwp%2Fv2%2Fcomments&post=41"}],"version-history":[{"count":10,"href":"https:\/\/heidemarieboscher.de\/index.php?rest_route=\/wp\/v2\/pages\/41\/revisions"}],"predecessor-version":[{"id":181,"href":"https:\/\/heidemarieboscher.de\/index.php?rest_route=\/wp\/v2\/pages\/41\/revisions\/181"}],"wp:attachment":[{"href":"https:\/\/heidemarieboscher.de\/index.php?rest_route=%2Fwp%2Fv2%2Fmedia&parent=41"}],"curies":[{"name":"wp","href":"https:\/\/api.w.org\/{rel}","templated":true}]}}