{"id":76,"date":"2014-01-07T21:55:54","date_gmt":"2014-01-07T19:55:54","guid":{"rendered":"http:\/\/sexliebeleben.de\/?page_id=4"},"modified":"2020-10-09T20:00:53","modified_gmt":"2020-10-09T18:00:53","slug":"willkommen","status":"publish","type":"page","link":"https:\/\/heidemarieboscher.de\/","title":{"rendered":"Willkommen"},"content":{"rendered":"<p><a href=\"https:\/\/heidemarieboscher.de\/wp-content\/uploads\/2014\/01\/stuhl-einzeln.jpg\"><img loading=\"lazy\" class=\" wp-image-9 alignleft\" src=\"https:\/\/heidemarieboscher.de\/wp-content\/uploads\/2014\/01\/stuhl-einzeln.jpg\" alt=\"stuhl einzeln\" width=\"161\" height=\"163\" srcset=\"https:\/\/heidemarieboscher.de\/wp-content\/uploads\/2014\/01\/stuhl-einzeln.jpg 446w, https:\/\/heidemarieboscher.de\/wp-content\/uploads\/2014\/01\/stuhl-einzeln-296x300.jpg 296w\" sizes=\"(max-width: 161px) 100vw, 161px\" \/><\/a><strong>Es gibt nicht die Wirklichkeit \u2013 deshalb k\u00f6nnen wir sie \u00e4ndern<\/strong><\/p>\n<p>Die systemische Sichtweise betrachtet die Wirklichkeit als ein Gef\u00fcge von zueinander stehenden Beziehung. Dazu geh\u00f6ren beispielsweise Kommunikationssysteme, wie eine Familie, ein Unternehmen oder eine PartnerInnenschaft. Beobachtet wir mit einem systemisch geschulten Blick diese Wechselbeziehungen, werden die Muster erkennbar, die das Geschehen bestimmen.<\/p>\n<p><a href=\"https:\/\/heidemarieboscher.de\/wp-content\/uploads\/2014\/01\/stuhl-einzeln-taube.jpg\"><img loading=\"lazy\" class=\" wp-image-16 alignleft\" src=\"https:\/\/heidemarieboscher.de\/wp-content\/uploads\/2014\/01\/stuhl-einzeln-taube.jpg\" alt=\"stuhl einzeln taube\" width=\"161\" height=\"163\" srcset=\"https:\/\/heidemarieboscher.de\/wp-content\/uploads\/2014\/01\/stuhl-einzeln-taube.jpg 446w, https:\/\/heidemarieboscher.de\/wp-content\/uploads\/2014\/01\/stuhl-einzeln-taube-296x300.jpg 296w\" sizes=\"(max-width: 161px) 100vw, 161px\" \/><\/a><\/p>\n<p style=\"margin-bottom: 0cm;\">Ich arbeite seit 15 Jahren erfolgreich als systemische Beraterin, Therapeutin und Supervisorin in M\u00fcnchen.<br \/>\nWenn Sie sich ein Gegen\u00fcber w\u00fcnschen, das Ihnen in einer respektvollen Begegnung kompetent zielf\u00fchrende Fragen stellt, dann nehmen Sie gerne Kontakt mit mir auf.<\/p>\n<p>&nbsp;<\/p>\n<p>&nbsp;<\/p>\n<p><a href=\"https:\/\/heidemarieboscher.de\/wp-content\/uploads\/2014\/01\/stuhl-einzeln-orange.jpg\"><img loading=\"lazy\" class=\" wp-image-48 alignleft\" src=\"https:\/\/heidemarieboscher.de\/wp-content\/uploads\/2014\/01\/stuhl-einzeln-orange.jpg\" alt=\"stuhl einzeln orange\" width=\"161\" height=\"163\" srcset=\"https:\/\/heidemarieboscher.de\/wp-content\/uploads\/2014\/01\/stuhl-einzeln-orange.jpg 446w, https:\/\/heidemarieboscher.de\/wp-content\/uploads\/2014\/01\/stuhl-einzeln-orange-296x300.jpg 296w\" sizes=\"(max-width: 161px) 100vw, 161px\" \/><\/a><\/p>\n<p style=\"margin-bottom: 0cm;\">In AKTUELLES finden Sie meinen Blog rund um Systemisches und den Link zu SEX LIEBE LEBEN, meiner Seite zu den Projekten Galerie, Buch und Erotischer Salon. Hinterlassen Sie hier gerne Ihre Email-Adresse, ich informiere Sie regelm\u00e4\u00dfig \u00fcber aktuelle Beitr\u00e4ge und Veranstaltungstermine.<\/p>\n<p>&nbsp;<\/p>\n<p>&nbsp;<\/p>\n<p><a href=\"https:\/\/heidemarieboscher.de\/wp-content\/uploads\/2014\/01\/DSCF3005-neu.png\"><img loading=\"lazy\" class=\" wp-image-212 alignleft\" src=\"https:\/\/heidemarieboscher.de\/wp-content\/uploads\/2014\/01\/DSCF3005-neu-220x300.png\" alt=\"DSCF3005-neu\" width=\"154\" height=\"210\" srcset=\"https:\/\/heidemarieboscher.de\/wp-content\/uploads\/2014\/01\/DSCF3005-neu-220x300.png 220w, https:\/\/heidemarieboscher.de\/wp-content\/uploads\/2014\/01\/DSCF3005-neu.png 589w\" sizes=\"(max-width: 154px) 100vw, 154px\" \/><\/a><\/p>\n<p>&nbsp;<\/p>\n<p><strong>Heidemarie Boscher<\/strong><br \/>\n0177 792233 6<br \/>\n<a href=\"mailto:praxis@heidemarieboscher.de\">praxis@heidemarieboscher.de<\/a><br \/>\nBriennerstr. 44<br \/>\n80333 M\u00fcnchen<\/p>\n","protected":false},"excerpt":{"rendered":"<p>Es gibt nicht die Wirklichkeit \u2013 deshalb k\u00f6nnen wir sie \u00e4ndern Die systemische Sichtweise betrachtet die Wirklichkeit als ein Gef\u00fcge von zueinander stehenden Beziehung. Dazu geh\u00f6ren beispielsweise Kommunikationssysteme, wie eine Familie, ein Unternehmen oder eine PartnerInnenschaft. Beobachtet wir mit einem systemisch geschulten Blick diese Wechselbeziehungen, werden die Muster erkennbar, die das Geschehen bestimmen. Ich arbeite [&hellip;]<\/p>\n","protected":false},"author":1,"featured_media":0,"parent":0,"menu_order":0,"comment_status":"closed","ping_status":"open","template":"templates\/template-fullwidth.php","meta":[],"_links":{"self":[{"href":"https:\/\/heidemarieboscher.de\/index.php?rest_route=\/wp\/v2\/pages\/76"}],"collection":[{"href":"https:\/\/heidemarieboscher.de\/index.php?rest_route=\/wp\/v2\/pages"}],"about":[{"href":"https:\/\/heidemarieboscher.de\/index.php?rest_route=\/wp\/v2\/types\/page"}],"author":[{"embeddable":true,"href":"https:\/\/heidemarieboscher.de\/index.php?rest_route=\/wp\/v2\/users\/1"}],"replies":[{"embeddable":true,"href":"https:\/\/heidemarieboscher.de\/index.php?rest_route=%2Fwp%2Fv2%2Fcomments&post=76"}],"version-history":[{"count":39,"href":"https:\/\/heidemarieboscher.de\/index.php?rest_route=\/wp\/v2\/pages\/76\/revisions"}],"predecessor-version":[{"id":296,"href":"https:\/\/heidemarieboscher.de\/index.php?rest_route=\/wp\/v2\/pages\/76\/revisions\/296"}],"wp:attachment":[{"href":"https:\/\/heidemarieboscher.de\/index.php?rest_route=%2Fwp%2Fv2%2Fmedia&parent=76"}],"curies":[{"name":"wp","href":"https:\/\/api.w.org\/{rel}","templated":true}]}}